{"id":476,"date":"2020-09-25T11:02:52","date_gmt":"2020-09-25T11:02:52","guid":{"rendered":"https:\/\/lehrstellen.dod.ch\/de\/?page_id=476"},"modified":"2025-08-11T11:39:59","modified_gmt":"2025-08-11T09:39:59","slug":"medientechnologe-2","status":"publish","type":"page","link":"https:\/\/lehrstellen.dod.ch\/de\/medientechnologe-2\/","title":{"rendered":"Medientechnolog:in"},"content":{"rendered":"\t\t<div data-elementor-type=\"wp-page\" data-elementor-id=\"476\" class=\"elementor elementor-476\">\n\t\t\t\t\t\t<section class=\"elementor-section elementor-top-section elementor-element elementor-element-52582a1b elementor-section-height-min-height elementor-section-boxed elementor-section-height-default elementor-section-items-middle\" data-id=\"52582a1b\" data-element_type=\"section\" data-settings=\"{&quot;background_background&quot;:&quot;video&quot;,&quot;background_video_link&quot;:&quot;https:\\\/\\\/youtu.be\\\/YedfQ35RgDc&quot;,&quot;background_play_on_mobile&quot;:&quot;yes&quot;}\">\n\t\t\t\t\t\t\t\t<div class=\"elementor-background-video-container\">\n\t\t\t\t\t\t\t\t\t\t\t\t\t<div class=\"elementor-background-video-embed\"><\/div>\n\t\t\t\t\t\t\t\t\t\t\t\t<\/div>\n\t\t\t\t\t\t\t\t\t<div class=\"elementor-background-overlay\"><\/div>\n\t\t\t\t\t\t\t<div class=\"elementor-container elementor-column-gap-default\">\n\t\t\t\t\t<div class=\"elementor-column elementor-col-100 elementor-top-column elementor-element elementor-element-7a34f49b\" data-id=\"7a34f49b\" data-element_type=\"column\">\n\t\t\t<div class=\"elementor-widget-wrap\">\n\t\t\t\t\t\t\t<\/div>\n\t\t<\/div>\n\t\t\t\t\t<\/div>\n\t\t<\/section>\n\t\t\t\t<section class=\"elementor-section elementor-top-section elementor-element elementor-element-56520f6 elementor-section-boxed elementor-section-height-default elementor-section-height-default\" data-id=\"56520f6\" data-element_type=\"section\">\n\t\t\t\t\t\t<div class=\"elementor-container elementor-column-gap-default\">\n\t\t\t\t\t<div class=\"elementor-column elementor-col-100 elementor-top-column elementor-element elementor-element-d4a68ec\" data-id=\"d4a68ec\" data-element_type=\"column\">\n\t\t\t<div class=\"elementor-widget-wrap elementor-element-populated\">\n\t\t\t\t\t\t<div class=\"elementor-element elementor-element-b5fd486 elementor-widget elementor-widget-spacer\" data-id=\"b5fd486\" data-element_type=\"widget\" data-widget_type=\"spacer.default\">\n\t\t\t\t<div class=\"elementor-widget-container\">\n\t\t\t\t\t<div class=\"elementor-spacer\">\n\t\t\t<div class=\"elementor-spacer-inner\"><\/div>\n\t\t<\/div>\n\t\t\t\t<\/div>\n\t\t\t\t<\/div>\n\t\t\t\t\t<\/div>\n\t\t<\/div>\n\t\t\t\t\t<\/div>\n\t\t<\/section>\n\t\t\t\t<section class=\"elementor-section elementor-top-section elementor-element elementor-element-ba17b57 elementor-section-boxed elementor-section-height-default elementor-section-height-default\" data-id=\"ba17b57\" data-element_type=\"section\">\n\t\t\t\t\t\t<div class=\"elementor-container elementor-column-gap-wider\">\n\t\t\t\t\t<div class=\"elementor-column elementor-col-100 elementor-top-column elementor-element elementor-element-dd20856\" data-id=\"dd20856\" data-element_type=\"column\">\n\t\t\t<div class=\"elementor-widget-wrap elementor-element-populated\">\n\t\t\t\t\t\t<div class=\"elementor-element elementor-element-e0f4aa3 elementor-widget elementor-widget-heading\" data-id=\"e0f4aa3\" data-element_type=\"widget\" data-widget_type=\"heading.default\">\n\t\t\t\t<div class=\"elementor-widget-container\">\n\t\t\t<h2 class=\"elementor-heading-title elementor-size-default\"><b>Medientechnolog:in EFZ<\/b> <b>\/ Fachrichtung Print<\/b><\/h2>\t\t<\/div>\n\t\t\t\t<\/div>\n\t\t\t\t\t<\/div>\n\t\t<\/div>\n\t\t\t\t\t<\/div>\n\t\t<\/section>\n\t\t\t\t<section class=\"elementor-section elementor-top-section elementor-element elementor-element-d74d0b4 elementor-section-boxed elementor-section-height-default elementor-section-height-default\" data-id=\"d74d0b4\" data-element_type=\"section\">\n\t\t\t\t\t\t<div class=\"elementor-container elementor-column-gap-default\">\n\t\t\t\t\t<div class=\"elementor-column elementor-col-100 elementor-top-column elementor-element elementor-element-def19d5\" data-id=\"def19d5\" data-element_type=\"column\">\n\t\t\t<div class=\"elementor-widget-wrap\">\n\t\t\t\t\t\t\t<\/div>\n\t\t<\/div>\n\t\t\t\t\t<\/div>\n\t\t<\/section>\n\t\t\t\t<section class=\"elementor-section elementor-top-section elementor-element elementor-element-98e0653 elementor-section-boxed elementor-section-height-default elementor-section-height-default\" data-id=\"98e0653\" data-element_type=\"section\">\n\t\t\t\t\t\t<div class=\"elementor-container elementor-column-gap-default\">\n\t\t\t\t\t<div class=\"elementor-column elementor-col-100 elementor-top-column elementor-element elementor-element-4661248\" data-id=\"4661248\" data-element_type=\"column\">\n\t\t\t<div class=\"elementor-widget-wrap elementor-element-populated\">\n\t\t\t\t\t\t<div class=\"elementor-element elementor-element-30fca3b elementor-widget elementor-widget-image\" data-id=\"30fca3b\" data-element_type=\"widget\" data-widget_type=\"image.default\">\n\t\t\t\t<div class=\"elementor-widget-container\">\n\t\t\t\t\t\t\t\t\t\t\t\t\t<img fetchpriority=\"high\" decoding=\"async\" width=\"1615\" height=\"1615\" src=\"https:\/\/lehrstellen.dod.ch\/de\/wp-content\/uploads\/2024\/02\/DSC_1130_org.jpg\" class=\"attachment-full size-full wp-image-1658\" alt=\"\" srcset=\"https:\/\/lehrstellen.dod.ch\/de\/wp-content\/uploads\/2024\/02\/DSC_1130_org.jpg 1615w, https:\/\/lehrstellen.dod.ch\/de\/wp-content\/uploads\/2024\/02\/DSC_1130_org-300x300.jpg 300w, https:\/\/lehrstellen.dod.ch\/de\/wp-content\/uploads\/2024\/02\/DSC_1130_org-1024x1024.jpg 1024w, https:\/\/lehrstellen.dod.ch\/de\/wp-content\/uploads\/2024\/02\/DSC_1130_org-150x150.jpg 150w, https:\/\/lehrstellen.dod.ch\/de\/wp-content\/uploads\/2024\/02\/DSC_1130_org-768x768.jpg 768w, https:\/\/lehrstellen.dod.ch\/de\/wp-content\/uploads\/2024\/02\/DSC_1130_org-1536x1536.jpg 1536w, https:\/\/lehrstellen.dod.ch\/de\/wp-content\/uploads\/2024\/02\/DSC_1130_org-720x720.jpg 720w, https:\/\/lehrstellen.dod.ch\/de\/wp-content\/uploads\/2024\/02\/DSC_1130_org-360x360.jpg 360w\" sizes=\"(max-width: 1615px) 100vw, 1615px\" \/>\t\t\t\t\t\t\t\t\t\t\t\t\t<\/div>\n\t\t\t\t<\/div>\n\t\t\t\t\t<\/div>\n\t\t<\/div>\n\t\t\t\t\t<\/div>\n\t\t<\/section>\n\t\t\t\t<section class=\"elementor-section elementor-top-section elementor-element elementor-element-d561f00 elementor-section-boxed elementor-section-height-default elementor-section-height-default\" data-id=\"d561f00\" data-element_type=\"section\">\n\t\t\t\t\t\t<div class=\"elementor-container elementor-column-gap-default\">\n\t\t\t\t\t<div class=\"elementor-column elementor-col-100 elementor-top-column elementor-element elementor-element-464136d\" data-id=\"464136d\" data-element_type=\"column\">\n\t\t\t<div class=\"elementor-widget-wrap elementor-element-populated\">\n\t\t\t\t\t\t<div class=\"elementor-element elementor-element-4c4c61b elementor-widget elementor-widget-spacer\" data-id=\"4c4c61b\" data-element_type=\"widget\" data-widget_type=\"spacer.default\">\n\t\t\t\t<div class=\"elementor-widget-container\">\n\t\t\t\t\t<div class=\"elementor-spacer\">\n\t\t\t<div class=\"elementor-spacer-inner\"><\/div>\n\t\t<\/div>\n\t\t\t\t<\/div>\n\t\t\t\t<\/div>\n\t\t\t\t\t<\/div>\n\t\t<\/div>\n\t\t\t\t\t<\/div>\n\t\t<\/section>\n\t\t\t\t<section class=\"elementor-section elementor-top-section elementor-element elementor-element-b2507f5 elementor-section-boxed elementor-section-height-default elementor-section-height-default\" data-id=\"b2507f5\" data-element_type=\"section\">\n\t\t\t\t\t\t<div class=\"elementor-container elementor-column-gap-default\">\n\t\t\t\t\t<div class=\"elementor-column elementor-col-100 elementor-top-column elementor-element elementor-element-4904fdd\" data-id=\"4904fdd\" data-element_type=\"column\">\n\t\t\t<div class=\"elementor-widget-wrap elementor-element-populated\">\n\t\t\t\t\t\t<div class=\"elementor-element elementor-element-1d5179c elementor-widget elementor-widget-text-editor\" data-id=\"1d5179c\" data-element_type=\"widget\" data-widget_type=\"text-editor.default\">\n\t\t\t\t<div class=\"elementor-widget-container\">\n\t\t\t\t\t\t\t<h4>Bei mir wird es bunt!<\/h4>\n<p>Als Medientechnolog:in gilt es, sich mit der Herstellung unterschiedlichster Druckprodukte auf modernsten Maschinen auseinanderzusetzen. Dieser Beruf wird somit zunehmend zum Hightechberuf.<\/p>\n<p>Yiheyise, Lernender im Drucksaal<\/p>\t\t\t\t\t\t<\/div>\n\t\t\t\t<\/div>\n\t\t\t\t\t<\/div>\n\t\t<\/div>\n\t\t\t\t\t<\/div>\n\t\t<\/section>\n\t\t\t\t<section class=\"elementor-section elementor-top-section elementor-element elementor-element-0b5269f elementor-section-boxed elementor-section-height-default elementor-section-height-default\" data-id=\"0b5269f\" data-element_type=\"section\">\n\t\t\t\t\t\t<div class=\"elementor-container elementor-column-gap-default\">\n\t\t\t\t\t<div class=\"elementor-column elementor-col-100 elementor-top-column elementor-element elementor-element-64fd4c6\" data-id=\"64fd4c6\" data-element_type=\"column\">\n\t\t\t<div class=\"elementor-widget-wrap elementor-element-populated\">\n\t\t\t\t\t\t<div class=\"elementor-element elementor-element-1b908c0 elementor-widget elementor-widget-spacer\" data-id=\"1b908c0\" data-element_type=\"widget\" data-widget_type=\"spacer.default\">\n\t\t\t\t<div class=\"elementor-widget-container\">\n\t\t\t\t\t<div class=\"elementor-spacer\">\n\t\t\t<div class=\"elementor-spacer-inner\"><\/div>\n\t\t<\/div>\n\t\t\t\t<\/div>\n\t\t\t\t<\/div>\n\t\t\t\t\t<\/div>\n\t\t<\/div>\n\t\t\t\t\t<\/div>\n\t\t<\/section>\n\t\t\t\t<section class=\"elementor-section elementor-top-section elementor-element elementor-element-717d84d elementor-section-boxed elementor-section-height-default elementor-section-height-default\" data-id=\"717d84d\" data-element_type=\"section\">\n\t\t\t\t\t\t<div class=\"elementor-container elementor-column-gap-default\">\n\t\t\t\t\t<div class=\"elementor-column elementor-col-50 elementor-top-column elementor-element elementor-element-d0a6303\" data-id=\"d0a6303\" data-element_type=\"column\">\n\t\t\t<div class=\"elementor-widget-wrap elementor-element-populated\">\n\t\t\t\t\t\t<div class=\"elementor-element elementor-element-016f08d elementor-widget elementor-widget-text-editor\" data-id=\"016f08d\" data-element_type=\"widget\" data-widget_type=\"text-editor.default\">\n\t\t\t\t<div class=\"elementor-widget-container\">\n\t\t\t\t\t\t\t<p>Suchst du den Hightechberuf mit Charakter? Kannst du dir vorstellen, an modernen und hochpr\u00e4zisen, elektronisch gesteuerten Maschinen zu arbeiten, ohne dabei den Bezug zur Mechanik zu verlieren? Gef\u00e4llt dir der Gedanke, im Mittelpunkt der Drucksachenherstellung zu stehen? Dann bist du hier genau richtig! Als Drucktechnolog:in stehst du im Zentrum der Produktion von grafischen Erzeugnissen aller Art. Bei dir fliesst die Kombination von Mechanik und Technik, Farbgef\u00fchl f\u00fcr gestalterische Objekte und modernste Informatik zusammen. Im Kontakt mit Werbefachleuten bist du f\u00fcr die korrekte Umsetzung ihrer Farbw\u00fcnsche f\u00fcr Text und Bild auf dem zu bedruckenden Material verantwortlich. Wir geben dir die M\u00f6glichkeit, genau dort mitzuwirken, wo deine St\u00e4rken liegen!\u00a0<\/p><p><b>Fachrichtung Print<br \/><\/b>Du arbeitest mit Druckmaschinen mit Leistungen von bis zu 15\u2019000 Druckbogen pro Stunde f\u00fcr Gesch\u00e4fts- oder Werbedrucksachen, Zeitschriften, Plakate, Kalender und Verpackungen. Im Drucksaal der Druckerei produzierst du an einer Offsetdruckmaschine ein- oder mehrfarbige Produkte auf verschiedenste Papiere und Bogenmaterialien. F\u00fcr jeden Auftrag muss die Druckmaschine neu eingerichtet, konfiguriert und die Farben abgestimmt werden. Danach folgt mit Unterst\u00fctzung modernster Messtechnik die \u00dcberwachung des Auflagendrucks.<\/p><p><strong>Freie Lehrstelle: 2026<\/strong><\/p>\t\t\t\t\t\t<\/div>\n\t\t\t\t<\/div>\n\t\t\t\t\t<\/div>\n\t\t<\/div>\n\t\t\t\t<div class=\"elementor-column elementor-col-50 elementor-top-column elementor-element elementor-element-33090f9\" data-id=\"33090f9\" data-element_type=\"column\">\n\t\t\t<div class=\"elementor-widget-wrap elementor-element-populated\">\n\t\t\t\t\t\t<div class=\"elementor-element elementor-element-8238273 elementor-widget elementor-widget-text-editor\" data-id=\"8238273\" data-element_type=\"widget\" data-widget_type=\"text-editor.default\">\n\t\t\t\t<div class=\"elementor-widget-container\">\n\t\t\t\t\t\t\t<p><strong>Interessiert an einer Schnupperlehre als Medientechnolog:in EFZ Fachrichtung Print?<\/strong><\/p><p>Dann sende uns eine Bewerbung mit<br \/>&gt; deinem Lebenslauf<br \/>&gt; deinen Noten der Oberstufe<\/p><p>Falls du bereits den <a href=\"http:\/\/www.stellwerk-check.ch\/\" target=\"_blank\" rel=\"noopener noreferrer\">Stellwerk Check<\/a> oder\u00a0den <a href=\"https:\/\/exam.viscampus.ch\/registration\/\">Viscom Eignungstest<\/a> ausgef\u00fchrt hast, bitten wir dich, diese Tests auch in deine Bewerbung zu integrieren.<\/p><p>Kontaktperson<\/p><p><img decoding=\"async\" class=\"alignnone size-full wp-image-1018\" src=\"https:\/\/lehrstellen.dod.ch\/de\/wp-content\/uploads\/2022\/01\/neu_andreasbissinger.jpg\" alt=\"\" width=\"80\" height=\"80\" \/><\/p><p><b>Andreas Bissinger<br \/><\/b><a href=\"mailto:andreas.bissinger@dod.ch\">andreas.bissinger@dod.ch<\/a><br \/>+41 41 629 79 61<\/p><p><strong>Druckerei Odermatt AG<\/strong><br \/>Dorfplatz 2<br \/>CH-6383 Dallenwil<\/p>\t\t\t\t\t\t<\/div>\n\t\t\t\t<\/div>\n\t\t\t\t\t<\/div>\n\t\t<\/div>\n\t\t\t\t\t<\/div>\n\t\t<\/section>\n\t\t\t\t<section class=\"elementor-section elementor-top-section elementor-element elementor-element-ef5373c elementor-section-boxed elementor-section-height-default elementor-section-height-default\" data-id=\"ef5373c\" data-element_type=\"section\">\n\t\t\t\t\t\t<div class=\"elementor-container elementor-column-gap-default\">\n\t\t\t\t\t<div class=\"elementor-column elementor-col-100 elementor-top-column elementor-element elementor-element-d7e512e\" data-id=\"d7e512e\" data-element_type=\"column\">\n\t\t\t<div class=\"elementor-widget-wrap elementor-element-populated\">\n\t\t\t\t\t\t<div class=\"elementor-element elementor-element-4941bce elementor-widget elementor-widget-spacer\" data-id=\"4941bce\" data-element_type=\"widget\" data-widget_type=\"spacer.default\">\n\t\t\t\t<div class=\"elementor-widget-container\">\n\t\t\t\t\t<div class=\"elementor-spacer\">\n\t\t\t<div class=\"elementor-spacer-inner\"><\/div>\n\t\t<\/div>\n\t\t\t\t<\/div>\n\t\t\t\t<\/div>\n\t\t\t\t\t<\/div>\n\t\t<\/div>\n\t\t\t\t\t<\/div>\n\t\t<\/section>\n\t\t\t\t<section class=\"elementor-section elementor-top-section elementor-element elementor-element-e0232ab elementor-section-boxed elementor-section-height-default elementor-section-height-default\" data-id=\"e0232ab\" data-element_type=\"section\" data-settings=\"{&quot;background_background&quot;:&quot;video&quot;}\">\n\t\t\t\t\t\t<div class=\"elementor-container elementor-column-gap-default\">\n\t\t\t\t\t<div class=\"elementor-column elementor-col-100 elementor-top-column elementor-element elementor-element-01f7c27\" data-id=\"01f7c27\" data-element_type=\"column\">\n\t\t\t<div class=\"elementor-widget-wrap elementor-element-populated\">\n\t\t\t\t\t\t<div class=\"elementor-element elementor-element-7448292 elementor-widget elementor-widget-video\" data-id=\"7448292\" data-element_type=\"widget\" data-settings=\"{&quot;youtube_url&quot;:&quot;https:\\\/\\\/youtu.be\\\/nQtR8PuNWYo&quot;,&quot;video_type&quot;:&quot;youtube&quot;,&quot;controls&quot;:&quot;yes&quot;}\" data-widget_type=\"video.default\">\n\t\t\t\t<div class=\"elementor-widget-container\">\n\t\t\t\t\t<div class=\"elementor-wrapper elementor-open-inline\">\n\t\t\t<div class=\"elementor-video\"><\/div>\t\t<\/div>\n\t\t\t\t<\/div>\n\t\t\t\t<\/div>\n\t\t\t\t\t<\/div>\n\t\t<\/div>\n\t\t\t\t\t<\/div>\n\t\t<\/section>\n\t\t\t\t<\/div>\n\t\t","protected":false},"excerpt":{"rendered":"<p>Medientechnolog:in EFZ \/ Fachrichtung Print Bei mir wird es bunt! Als Medientechnolog:in gilt es, sich mit der Herstellung unterschiedlichster Druckprodukte [&hellip;]<\/p>\n","protected":false},"author":1,"featured_media":0,"parent":0,"menu_order":2,"comment_status":"closed","ping_status":"closed","template":"page-templates\/template_page-builder.php","meta":{"footnotes":""},"class_list":["post-476","page","type-page","status-publish","hentry"],"_links":{"self":[{"href":"https:\/\/lehrstellen.dod.ch\/de\/wp-json\/wp\/v2\/pages\/476","targetHints":{"allow":["GET"]}}],"collection":[{"href":"https:\/\/lehrstellen.dod.ch\/de\/wp-json\/wp\/v2\/pages"}],"about":[{"href":"https:\/\/lehrstellen.dod.ch\/de\/wp-json\/wp\/v2\/types\/page"}],"author":[{"embeddable":true,"href":"https:\/\/lehrstellen.dod.ch\/de\/wp-json\/wp\/v2\/users\/1"}],"replies":[{"embeddable":true,"href":"https:\/\/lehrstellen.dod.ch\/de\/wp-json\/wp\/v2\/comments?post=476"}],"version-history":[{"count":100,"href":"https:\/\/lehrstellen.dod.ch\/de\/wp-json\/wp\/v2\/pages\/476\/revisions"}],"predecessor-version":[{"id":1984,"href":"https:\/\/lehrstellen.dod.ch\/de\/wp-json\/wp\/v2\/pages\/476\/revisions\/1984"}],"wp:attachment":[{"href":"https:\/\/lehrstellen.dod.ch\/de\/wp-json\/wp\/v2\/media?parent=476"}],"curies":[{"name":"wp","href":"https:\/\/api.w.org\/{rel}","templated":true}]}}