{"id":373,"date":"2020-07-28T18:08:59","date_gmt":"2020-07-28T18:08:59","guid":{"rendered":"https:\/\/lehrstellen.dod.ch\/de\/?page_id=373"},"modified":"2025-07-30T15:50:30","modified_gmt":"2025-07-30T13:50:30","slug":"polygraf","status":"publish","type":"page","link":"https:\/\/lehrstellen.dod.ch\/de\/polygraf\/","title":{"rendered":"Polygraf:in"},"content":{"rendered":"\t\t<div data-elementor-type=\"wp-page\" data-elementor-id=\"373\" class=\"elementor elementor-373\">\n\t\t\t\t\t\t<section class=\"elementor-section elementor-top-section elementor-element elementor-element-52582a1b elementor-section-height-min-height elementor-section-boxed elementor-section-height-default elementor-section-items-middle\" data-id=\"52582a1b\" data-element_type=\"section\" data-settings=\"{&quot;background_background&quot;:&quot;video&quot;,&quot;background_video_link&quot;:&quot;https:\\\/\\\/youtu.be\\\/YedfQ35RgDc&quot;,&quot;background_play_on_mobile&quot;:&quot;yes&quot;}\">\n\t\t\t\t\t\t\t\t<div class=\"elementor-background-video-container\">\n\t\t\t\t\t\t\t\t\t\t\t\t\t<div class=\"elementor-background-video-embed\"><\/div>\n\t\t\t\t\t\t\t\t\t\t\t\t<\/div>\n\t\t\t\t\t\t\t\t\t<div class=\"elementor-background-overlay\"><\/div>\n\t\t\t\t\t\t\t<div class=\"elementor-container elementor-column-gap-default\">\n\t\t\t\t\t<div class=\"elementor-column elementor-col-100 elementor-top-column elementor-element elementor-element-7a34f49b\" data-id=\"7a34f49b\" data-element_type=\"column\">\n\t\t\t<div class=\"elementor-widget-wrap\">\n\t\t\t\t\t\t\t<\/div>\n\t\t<\/div>\n\t\t\t\t\t<\/div>\n\t\t<\/section>\n\t\t\t\t<section class=\"elementor-section elementor-top-section elementor-element elementor-element-56520f6 elementor-section-boxed elementor-section-height-default elementor-section-height-default\" data-id=\"56520f6\" data-element_type=\"section\">\n\t\t\t\t\t\t<div class=\"elementor-container elementor-column-gap-default\">\n\t\t\t\t\t<div class=\"elementor-column elementor-col-100 elementor-top-column elementor-element elementor-element-d4a68ec\" data-id=\"d4a68ec\" data-element_type=\"column\">\n\t\t\t<div class=\"elementor-widget-wrap elementor-element-populated\">\n\t\t\t\t\t\t<div class=\"elementor-element elementor-element-b5fd486 elementor-widget elementor-widget-spacer\" data-id=\"b5fd486\" data-element_type=\"widget\" data-widget_type=\"spacer.default\">\n\t\t\t\t<div class=\"elementor-widget-container\">\n\t\t\t\t\t<div class=\"elementor-spacer\">\n\t\t\t<div class=\"elementor-spacer-inner\"><\/div>\n\t\t<\/div>\n\t\t\t\t<\/div>\n\t\t\t\t<\/div>\n\t\t\t\t\t<\/div>\n\t\t<\/div>\n\t\t\t\t\t<\/div>\n\t\t<\/section>\n\t\t\t\t<section class=\"elementor-section elementor-top-section elementor-element elementor-element-ba17b57 elementor-section-boxed elementor-section-height-default elementor-section-height-default\" data-id=\"ba17b57\" data-element_type=\"section\">\n\t\t\t\t\t\t<div class=\"elementor-container elementor-column-gap-wider\">\n\t\t\t\t\t<div class=\"elementor-column elementor-col-100 elementor-top-column elementor-element elementor-element-dd20856\" data-id=\"dd20856\" data-element_type=\"column\">\n\t\t\t<div class=\"elementor-widget-wrap elementor-element-populated\">\n\t\t\t\t\t\t<div class=\"elementor-element elementor-element-e0f4aa3 elementor-widget elementor-widget-heading\" data-id=\"e0f4aa3\" data-element_type=\"widget\" data-widget_type=\"heading.default\">\n\t\t\t\t<div class=\"elementor-widget-container\">\n\t\t\t<h2 class=\"elementor-heading-title elementor-size-default\"><b>Polygraf:in EFZ<\/b><\/h2>\t\t<\/div>\n\t\t\t\t<\/div>\n\t\t\t\t\t<\/div>\n\t\t<\/div>\n\t\t\t\t\t<\/div>\n\t\t<\/section>\n\t\t\t\t<section class=\"elementor-section elementor-top-section elementor-element elementor-element-d74d0b4 elementor-section-boxed elementor-section-height-default elementor-section-height-default\" data-id=\"d74d0b4\" data-element_type=\"section\">\n\t\t\t\t\t\t<div class=\"elementor-container elementor-column-gap-default\">\n\t\t\t\t\t<div class=\"elementor-column elementor-col-100 elementor-top-column elementor-element elementor-element-def19d5\" data-id=\"def19d5\" data-element_type=\"column\">\n\t\t\t<div class=\"elementor-widget-wrap\">\n\t\t\t\t\t\t\t<\/div>\n\t\t<\/div>\n\t\t\t\t\t<\/div>\n\t\t<\/section>\n\t\t\t\t<section class=\"elementor-section elementor-top-section elementor-element elementor-element-98e0653 elementor-section-boxed elementor-section-height-default elementor-section-height-default\" data-id=\"98e0653\" data-element_type=\"section\">\n\t\t\t\t\t\t<div class=\"elementor-container elementor-column-gap-default\">\n\t\t\t\t\t<div class=\"elementor-column elementor-col-100 elementor-top-column elementor-element elementor-element-4661248\" data-id=\"4661248\" data-element_type=\"column\">\n\t\t\t<div class=\"elementor-widget-wrap elementor-element-populated\">\n\t\t\t\t\t\t<div class=\"elementor-element elementor-element-30fca3b elementor-widget elementor-widget-image\" data-id=\"30fca3b\" data-element_type=\"widget\" data-widget_type=\"image.default\">\n\t\t\t\t<div class=\"elementor-widget-container\">\n\t\t\t\t\t\t\t\t\t\t\t\t\t<img fetchpriority=\"high\" decoding=\"async\" width=\"2560\" height=\"2560\" src=\"https:\/\/lehrstellen.dod.ch\/de\/wp-content\/uploads\/2024\/02\/DSC_7679-scaled.jpg\" class=\"attachment-full size-full wp-image-1657\" alt=\"\" srcset=\"https:\/\/lehrstellen.dod.ch\/de\/wp-content\/uploads\/2024\/02\/DSC_7679-scaled.jpg 2560w, https:\/\/lehrstellen.dod.ch\/de\/wp-content\/uploads\/2024\/02\/DSC_7679-300x300.jpg 300w, https:\/\/lehrstellen.dod.ch\/de\/wp-content\/uploads\/2024\/02\/DSC_7679-1024x1024.jpg 1024w, https:\/\/lehrstellen.dod.ch\/de\/wp-content\/uploads\/2024\/02\/DSC_7679-150x150.jpg 150w, https:\/\/lehrstellen.dod.ch\/de\/wp-content\/uploads\/2024\/02\/DSC_7679-768x768.jpg 768w, https:\/\/lehrstellen.dod.ch\/de\/wp-content\/uploads\/2024\/02\/DSC_7679-1536x1536.jpg 1536w, https:\/\/lehrstellen.dod.ch\/de\/wp-content\/uploads\/2024\/02\/DSC_7679-2048x2048.jpg 2048w, https:\/\/lehrstellen.dod.ch\/de\/wp-content\/uploads\/2024\/02\/DSC_7679-720x720.jpg 720w, https:\/\/lehrstellen.dod.ch\/de\/wp-content\/uploads\/2024\/02\/DSC_7679-360x360.jpg 360w\" sizes=\"(max-width: 2560px) 100vw, 2560px\" \/>\t\t\t\t\t\t\t\t\t\t\t\t\t<\/div>\n\t\t\t\t<\/div>\n\t\t\t\t\t<\/div>\n\t\t<\/div>\n\t\t\t\t\t<\/div>\n\t\t<\/section>\n\t\t\t\t<section class=\"elementor-section elementor-top-section elementor-element elementor-element-d561f00 elementor-section-boxed elementor-section-height-default elementor-section-height-default\" data-id=\"d561f00\" data-element_type=\"section\">\n\t\t\t\t\t\t<div class=\"elementor-container elementor-column-gap-default\">\n\t\t\t\t\t<div class=\"elementor-column elementor-col-100 elementor-top-column elementor-element elementor-element-464136d\" data-id=\"464136d\" data-element_type=\"column\">\n\t\t\t<div class=\"elementor-widget-wrap elementor-element-populated\">\n\t\t\t\t\t\t<div class=\"elementor-element elementor-element-4c4c61b elementor-widget elementor-widget-spacer\" data-id=\"4c4c61b\" data-element_type=\"widget\" data-widget_type=\"spacer.default\">\n\t\t\t\t<div class=\"elementor-widget-container\">\n\t\t\t\t\t<div class=\"elementor-spacer\">\n\t\t\t<div class=\"elementor-spacer-inner\"><\/div>\n\t\t<\/div>\n\t\t\t\t<\/div>\n\t\t\t\t<\/div>\n\t\t\t\t\t<\/div>\n\t\t<\/div>\n\t\t\t\t\t<\/div>\n\t\t<\/section>\n\t\t\t\t<section class=\"elementor-section elementor-top-section elementor-element elementor-element-b2507f5 elementor-section-boxed elementor-section-height-default elementor-section-height-default\" data-id=\"b2507f5\" data-element_type=\"section\">\n\t\t\t\t\t\t<div class=\"elementor-container elementor-column-gap-default\">\n\t\t\t\t\t<div class=\"elementor-column elementor-col-100 elementor-top-column elementor-element elementor-element-4904fdd\" data-id=\"4904fdd\" data-element_type=\"column\">\n\t\t\t<div class=\"elementor-widget-wrap elementor-element-populated\">\n\t\t\t\t\t\t<div class=\"elementor-element elementor-element-1d5179c elementor-widget elementor-widget-text-editor\" data-id=\"1d5179c\" data-element_type=\"widget\" data-widget_type=\"text-editor.default\">\n\t\t\t\t<div class=\"elementor-widget-container\">\n\t\t\t\t\t\t\t<h4><span style=\"font-weight: bold;\">Ich pr\u00fcfe die Daten!<\/span><\/h4>\n<p><span style=\"color: #595959; font-size: 16px;\">Polygraf:innen stehen am Anfang des Prozesses der Medienproduktion. Die Endprodukte sind komplette Druckvorlagen oder Datenfiles; diese werden dem n\u00e4chsten Glied der Fertigungskette \u00fcbergeben.<\/span><\/p>\n<p>Luna, Lernende in der Vorstufe<\/p>\t\t\t\t\t\t<\/div>\n\t\t\t\t<\/div>\n\t\t\t\t\t<\/div>\n\t\t<\/div>\n\t\t\t\t\t<\/div>\n\t\t<\/section>\n\t\t\t\t<section class=\"elementor-section elementor-top-section elementor-element elementor-element-0b5269f elementor-section-boxed elementor-section-height-default elementor-section-height-default\" data-id=\"0b5269f\" data-element_type=\"section\">\n\t\t\t\t\t\t<div class=\"elementor-container elementor-column-gap-default\">\n\t\t\t\t\t<div class=\"elementor-column elementor-col-100 elementor-top-column elementor-element elementor-element-64fd4c6\" data-id=\"64fd4c6\" data-element_type=\"column\">\n\t\t\t<div class=\"elementor-widget-wrap elementor-element-populated\">\n\t\t\t\t\t\t<div class=\"elementor-element elementor-element-1b908c0 elementor-widget elementor-widget-spacer\" data-id=\"1b908c0\" data-element_type=\"widget\" data-widget_type=\"spacer.default\">\n\t\t\t\t<div class=\"elementor-widget-container\">\n\t\t\t\t\t<div class=\"elementor-spacer\">\n\t\t\t<div class=\"elementor-spacer-inner\"><\/div>\n\t\t<\/div>\n\t\t\t\t<\/div>\n\t\t\t\t<\/div>\n\t\t\t\t\t<\/div>\n\t\t<\/div>\n\t\t\t\t\t<\/div>\n\t\t<\/section>\n\t\t\t\t<section class=\"elementor-section elementor-top-section elementor-element elementor-element-717d84d elementor-section-boxed elementor-section-height-default elementor-section-height-default\" data-id=\"717d84d\" data-element_type=\"section\">\n\t\t\t\t\t\t<div class=\"elementor-container elementor-column-gap-default\">\n\t\t\t\t\t<div class=\"elementor-column elementor-col-50 elementor-top-column elementor-element elementor-element-d0a6303\" data-id=\"d0a6303\" data-element_type=\"column\">\n\t\t\t<div class=\"elementor-widget-wrap elementor-element-populated\">\n\t\t\t\t\t\t<div class=\"elementor-element elementor-element-016f08d elementor-widget elementor-widget-text-editor\" data-id=\"016f08d\" data-element_type=\"widget\" data-widget_type=\"text-editor.default\">\n\t\t\t\t<div class=\"elementor-widget-container\">\n\t\t\t\t\t\t\t<p class=\"p1\"><span class=\"s1\">Wie sieht der Berufsalltag der Polygraf:innen aus? Sie erstellen und bearbeiten Texte und Bilder f\u00fcr verschiedenste Print- und Screen-Medien und zeichnen sich durch folgende F\u00e4higkeiten aus.<\/span><\/p><p class=\"p1\"><span class=\"s1\">Auf der Grundlage von Kundenauftr\u00e4gen und Kundenbed\u00fcrfnissen legen sie die Arbeitsschritte fest. Sie pr\u00fcfen und \u00fcbernehmen die angelieferten Daten und speichern sie gem\u00e4ss betrieblichen Vorgaben. Sie legen die Spezifikationen f\u00fcr Publikationen zweckm\u00e4ssig und mediengerecht nach den typografischen und gestalterischen Regeln fest; erstellen oder bereiten Publikationen f\u00fcr Print- oder Screen-Medien auf, holen das \u00abGut zum Druck\u00bb ein, nehmen Korrekturen vor und stellen das Dokument fertig. Zudem haben Polygraf:innen eine hohe Sprachkompetenz, beherrschen neben den grammatikalischen und orthografischen Vorgaben auch die typografischen Regeln. Ausserdem garantieren sie bei ihren Arbeiten eine hohe Qualit\u00e4t. <\/span><\/p><p class=\"p1\"><span class=\"s1\">Welche Voraussetzungen braucht es f\u00fcr dieses vielseitige und anspruchsvolle Berufsbild? Du hast ein gutes Empfinden f\u00fcr Formen und Farben, bist sprachlich gewandt und arbeitest gerne am Computer. Daf\u00fcr bietet dir dieser interessante Beruf gute Perspektiven in der Medienlandschaft. Als Polygraf:in bist du beim Erarbeiten von Prospekten, Werbedrucksachen, Plakaten oder Briefschaften von Anfang an dabei und bringst deine Kompetenzen im Umgang mit Schrift und Bild aktiv ein.<\/span><\/p><p><strong>Freie Lehrstelle: 2027<\/strong><\/p>\t\t\t\t\t\t<\/div>\n\t\t\t\t<\/div>\n\t\t\t\t\t<\/div>\n\t\t<\/div>\n\t\t\t\t<div class=\"elementor-column elementor-col-50 elementor-top-column elementor-element elementor-element-33090f9\" data-id=\"33090f9\" data-element_type=\"column\">\n\t\t\t<div class=\"elementor-widget-wrap elementor-element-populated\">\n\t\t\t\t\t\t<div class=\"elementor-element elementor-element-8238273 elementor-widget elementor-widget-text-editor\" data-id=\"8238273\" data-element_type=\"widget\" data-widget_type=\"text-editor.default\">\n\t\t\t\t<div class=\"elementor-widget-container\">\n\t\t\t\t\t\t\t<p><strong>Interessiert an einer Schnupperlehre als Polygraf:in EFZ?<\/strong><\/p><p>Dann sende uns eine Bewerbung mit<br \/>&gt; deinem Lebenslauf<br \/>&gt; deinen Noten der Oberstufe<br \/>&gt; wenn m\u00f6glich in digitaler Form<\/p><p>Falls du bereits den <a href=\"http:\/\/www.stellwerk-check.ch\/\" target=\"_blank\" rel=\"noopener noreferrer\">Stellwerk Check<\/a> oder\u00a0den <a href=\"https:\/\/exam.viscampus.ch\/registration\/\">Viscom Eignungstest<\/a> ausgef\u00fchrt hast, bitten wir dich, diese Tests auch in deine Bewerbung zu integrieren.<\/p><p>Kontaktperson<\/p><p><img decoding=\"async\" class=\"alignleft\" style=\"box-sizing: content-box; display: block; margin: 0px auto 16px; max-height: calc(100% - 42px); background-image: linear-gradient(45deg, #c3c4c7 25%, transparent 25%, transparent 75%, #c3c4c7 75%, #c3c4c7), linear-gradient(45deg, #c3c4c7 25%, transparent 25%, transparent 75%, #c3c4c7 75%, #c3c4c7); background-position: 0px 0px, 10px 10px; background-size: 20px 20px; color: #3c434a; font-family: -apple-system, 'system-ui', 'Segoe UI', Roboto, Oxygen-Sans, Ubuntu, Cantarell, 'Helvetica Neue', sans-serif; font-size: 12px;\" draggable=\"false\" src=\"https:\/\/lehrstellen.dod.ch\/de\/wp-content\/uploads\/2024\/07\/Vorstufe_Winterberger_Andrea-e1720683290165_80x80-e1720684267652.jpg\" alt=\"\" \/><\/p><div>\u00a0<\/div><p><b><br \/><br \/><br \/>Andrea Winterberger<br \/><\/b><a href=\"mailto:andrea.winterberger@dod.ch\">andrea.winterberger@dod.ch<\/a><br \/>T +41 41 629 79 39<\/p><p><b>Druckerei Odermatt AG<br \/><\/b>Dorfplatz 2<br \/>CH-6383 Dallenwil\u00a0<\/p>\t\t\t\t\t\t<\/div>\n\t\t\t\t<\/div>\n\t\t\t\t\t<\/div>\n\t\t<\/div>\n\t\t\t\t\t<\/div>\n\t\t<\/section>\n\t\t\t\t<section class=\"elementor-section elementor-top-section elementor-element elementor-element-ef5373c elementor-section-boxed elementor-section-height-default elementor-section-height-default\" data-id=\"ef5373c\" data-element_type=\"section\">\n\t\t\t\t\t\t<div class=\"elementor-container elementor-column-gap-default\">\n\t\t\t\t\t<div class=\"elementor-column elementor-col-100 elementor-top-column elementor-element elementor-element-d7e512e\" data-id=\"d7e512e\" data-element_type=\"column\">\n\t\t\t<div class=\"elementor-widget-wrap elementor-element-populated\">\n\t\t\t\t\t\t<div class=\"elementor-element elementor-element-4941bce elementor-widget elementor-widget-spacer\" data-id=\"4941bce\" data-element_type=\"widget\" data-widget_type=\"spacer.default\">\n\t\t\t\t<div class=\"elementor-widget-container\">\n\t\t\t\t\t<div class=\"elementor-spacer\">\n\t\t\t<div class=\"elementor-spacer-inner\"><\/div>\n\t\t<\/div>\n\t\t\t\t<\/div>\n\t\t\t\t<\/div>\n\t\t\t\t\t<\/div>\n\t\t<\/div>\n\t\t\t\t\t<\/div>\n\t\t<\/section>\n\t\t\t\t<section class=\"elementor-section elementor-top-section elementor-element elementor-element-e0232ab elementor-section-boxed elementor-section-height-default elementor-section-height-default\" data-id=\"e0232ab\" data-element_type=\"section\">\n\t\t\t\t\t\t<div class=\"elementor-container elementor-column-gap-default\">\n\t\t\t\t\t<div class=\"elementor-column elementor-col-100 elementor-top-column elementor-element elementor-element-01f7c27\" data-id=\"01f7c27\" data-element_type=\"column\">\n\t\t\t<div class=\"elementor-widget-wrap elementor-element-populated\">\n\t\t\t\t\t\t<div class=\"elementor-element elementor-element-7448292 elementor-widget elementor-widget-video\" data-id=\"7448292\" data-element_type=\"widget\" data-settings=\"{&quot;youtube_url&quot;:&quot;https:\\\/\\\/youtu.be\\\/IednwuWrfJc&quot;,&quot;video_type&quot;:&quot;youtube&quot;,&quot;controls&quot;:&quot;yes&quot;}\" data-widget_type=\"video.default\">\n\t\t\t\t<div class=\"elementor-widget-container\">\n\t\t\t\t\t<div class=\"elementor-wrapper elementor-open-inline\">\n\t\t\t<div class=\"elementor-video\"><\/div>\t\t<\/div>\n\t\t\t\t<\/div>\n\t\t\t\t<\/div>\n\t\t\t\t\t<\/div>\n\t\t<\/div>\n\t\t\t\t\t<\/div>\n\t\t<\/section>\n\t\t\t\t<\/div>\n\t\t","protected":false},"excerpt":{"rendered":"<p>Polygraf:in EFZ Ich pr\u00fcfe die Daten! Polygraf:innen stehen am Anfang des Prozesses der Medienproduktion. Die Endprodukte sind komplette Druckvorlagen oder [&hellip;]<\/p>\n","protected":false},"author":1,"featured_media":0,"parent":0,"menu_order":2,"comment_status":"closed","ping_status":"closed","template":"page-templates\/template_page-builder.php","meta":{"footnotes":""},"class_list":["post-373","page","type-page","status-publish","hentry"],"_links":{"self":[{"href":"https:\/\/lehrstellen.dod.ch\/de\/wp-json\/wp\/v2\/pages\/373","targetHints":{"allow":["GET"]}}],"collection":[{"href":"https:\/\/lehrstellen.dod.ch\/de\/wp-json\/wp\/v2\/pages"}],"about":[{"href":"https:\/\/lehrstellen.dod.ch\/de\/wp-json\/wp\/v2\/types\/page"}],"author":[{"embeddable":true,"href":"https:\/\/lehrstellen.dod.ch\/de\/wp-json\/wp\/v2\/users\/1"}],"replies":[{"embeddable":true,"href":"https:\/\/lehrstellen.dod.ch\/de\/wp-json\/wp\/v2\/comments?post=373"}],"version-history":[{"count":122,"href":"https:\/\/lehrstellen.dod.ch\/de\/wp-json\/wp\/v2\/pages\/373\/revisions"}],"predecessor-version":[{"id":1973,"href":"https:\/\/lehrstellen.dod.ch\/de\/wp-json\/wp\/v2\/pages\/373\/revisions\/1973"}],"wp:attachment":[{"href":"https:\/\/lehrstellen.dod.ch\/de\/wp-json\/wp\/v2\/media?parent=373"}],"curies":[{"name":"wp","href":"https:\/\/api.w.org\/{rel}","templated":true}]}}